{"id":356,"date":"2023-01-10T15:21:12","date_gmt":"2023-01-10T15:21:12","guid":{"rendered":"https:\/\/posadamariposaboutiquehotel.com\/breakfast\/"},"modified":"2023-04-05T16:56:33","modified_gmt":"2023-04-05T16:56:33","slug":"desayuno","status":"publish","type":"page","link":"https:\/\/posadamariposaboutiquehotel.com\/es\/desayuno\/","title":{"rendered":"Desayuno"},"content":{"rendered":"<div class=\"wpb-content-wrapper\"><p>[vc_row full_width=\u00bbstretch_row_content_no_spaces\u00bb bg_type=\u00bbbg_color\u00bb enable_overlay=\u00bbenable_overlay_value\u00bb overlay_color=\u00bbrgba(255,255,255,0.46)\u00bb bg_color_value=\u00bb#e8e5de\u00bb][vc_column][vc_single_image image=\u00bb198&#8243; img_size=\u00bb1920&#215;740&#8243; alignment=\u00bbcenter\u00bb][\/vc_column][\/vc_row][vc_row full_width=\u00bbstretch_row\u00bb gap=\u00bb30&#8243; bg_type=\u00bbbg_color\u00bb enable_overlay=\u00bbenable_overlay_value\u00bb overlay_color=\u00bbrgba(255,255,255,0.46)\u00bb bg_color_value=\u00bb#e8e5de\u00bb][vc_column width=\u00bb1\/2&#8243; offset=\u00bbvc_hidden-md vc_hidden-sm vc_hidden-xs\u00bb]<div class=\"ult-spacer spacer-69e3a25cc878e\" data-id=\"69e3a25cc878e\" data-height=\"30\" data-height-mobile=\"15\" data-height-tab=\"20\" data-height-tab-portrait=\"15\" data-height-mobile-landscape=\"15\" style=\"clear:both;display:block;\"><\/div>[vc_single_image image=\u00bb200&#8243; img_size=\u00bb650&#215;500&#8243; alignment=\u00bbcenter\u00bb][\/vc_column][vc_column width=\u00bb1\/2&#8243; offset=\u00bbvc_hidden-md vc_hidden-sm vc_hidden-xs\u00bb]<div class=\"ult-spacer spacer-69e3a25cc87e6\" data-id=\"69e3a25cc87e6\" data-height=\"50\" data-height-mobile=\"20\" data-height-tab=\"20\" data-height-tab-portrait=\"20\" data-height-mobile-landscape=\"20\" style=\"clear:both;display:block;\"><\/div>[vc_custom_heading text=\u00bbDESAYUNO EN PLAYA DEL CARMEN\u00bb font_container=\u00bbtag:h1|font_size:18|text_align:left|color:%234c4b4b\u00bb google_fonts=\u00bbfont_family:Open%20Sans%3A300%2C300italic%2Cregular%2Citalic%2C600%2C600italic%2C700%2C700italic%2C800%2C800italic|font_style:400%20regular%3A400%3Anormal\u00bb][vc_custom_heading text=\u00bbDesayuno continental incluido en Posada Mariposa\u00bb font_container=\u00bbtag:h2|font_size:35|text_align:left|color:%234c4b4b\u00bb google_fonts=\u00bbfont_family:Prata%3Aregular|font_style:400%20regular%3A400%3Anormal\u00bb][vc_column_text]<\/p>\n<p style=\"text-align: left; font-size: 16px; color: #4c4b4b; font-family: Open Sans; line-height: 1.5;\">En Posada Mariposa Boutique Hotel ofrecemos un delicioso desayuno todos los d\u00edas en nuestro cercano restaurante Ambasciata d&#8217;Italia.<\/p>\n<p style=\"text-align: left; font-size: 16px; color: #4c4b4b; font-family: Open Sans; line-height: 1.5;\">El desayuno continental est\u00e1 incluido en la tarifa de la habitaci\u00f3n y est\u00e1 disponible todas las ma\u00f1anas de 7.30 a 11.30 am. Adem\u00e1s, tienes un 30% de descuento en nuestro men\u00fa a la carta en caso de que quieras a\u00f1adir algo extra.<\/p>\n<p style=\"text-align: left; font-size: 16px; color: #4c4b4b; font-family: Open Sans; line-height: 1.5;\">Todos nuestros platos y bebidas se elaboran a diario con productos frescos. Siempre nos esforzamos por ofrecerte lo mejor en t\u00e9rminos de calidad y servicio.<\/p>\n<p>[\/vc_column_text][\/vc_column][vc_column offset=\u00bbvc_hidden-md vc_hidden-sm vc_hidden-xs\u00bb]<div class=\"ult-spacer spacer-69e3a25cc8817\" data-id=\"69e3a25cc8817\" data-height=\"50\" data-height-mobile=\"1\" data-height-tab=\"1\" data-height-tab-portrait=\"1\" data-height-mobile-landscape=\"1\" style=\"clear:both;display:block;\"><\/div>[\/vc_column][\/vc_row][vc_row full_width=\u00bbstretch_row\u00bb bg_type=\u00bbbg_color\u00bb enable_overlay=\u00bbenable_overlay_value\u00bb overlay_color=\u00bbrgba(255,255,255,0.46)\u00bb bg_color_value=\u00bb#e8e5de\u00bb][vc_column offset=\u00bbvc_hidden-lg\u00bb]<div class=\"ult-spacer spacer-69e3a25cc8843\" data-id=\"69e3a25cc8843\" data-height=\"30\" data-height-mobile=\"10\" data-height-tab=\"10\" data-height-tab-portrait=\"10\" data-height-mobile-landscape=\"10\" style=\"clear:both;display:block;\"><\/div>[vc_custom_heading text=\u00bbDESAYUNO EN PLAYA DEL CARMEN\u00bb font_container=\u00bbtag:h4|font_size:18|text_align:left|color:%234c4b4b\u00bb google_fonts=\u00bbfont_family:Open%20Sans%3A300%2C300italic%2Cregular%2Citalic%2C600%2C600italic%2C700%2C700italic%2C800%2C800italic|font_style:400%20regular%3A400%3Anormal\u00bb][vc_custom_heading text=\u00bbDesayuno continental incluido en Posada Mariposa\u00bb font_container=\u00bbtag:h3|font_size:28|text_align:left|color:%234c4b4b\u00bb google_fonts=\u00bbfont_family:Prata%3Aregular|font_style:400%20regular%3A400%3Anormal\u00bb][vc_column_text]<\/p>\n<p style=\"text-align: left; font-size: 14px; color: #4c4b4b; font-family: Open Sans; line-height: 1.5;\">En Posada Mariposa Boutique Hotel ofrecemos un delicioso desayuno todos los d\u00edas en nuestro cercano restaurante Ambasciata d&#8217;Italia.<\/p>\n<p style=\"text-align: left; font-size: 14px; color: #4c4b4b; font-family: Open Sans; line-height: 1.5;\">El desayuno continental est\u00e1 incluido en la tarifa de la habitaci\u00f3n y est\u00e1 disponible todas las ma\u00f1anas de 7.30 a 11.30 am. Adem\u00e1s, tienes un 30% de descuento en nuestro men\u00fa a la carta en caso de que quieras a\u00f1adir algo extra.<\/p>\n<p style=\"text-align: left; font-size: 14px; color: #4c4b4b; font-family: Open Sans; line-height: 1.5;\">Todos nuestros platos y bebidas se elaboran a diario con productos frescos. Siempre nos esforzamos por ofrecerte lo mejor en t\u00e9rminos de calidad y servicio.<\/p>\n<p>[\/vc_column_text]<div class=\"ult-spacer spacer-69e3a25cc886d\" data-id=\"69e3a25cc886d\" data-height=\"50\" data-height-mobile=\"15\" data-height-tab=\"20\" data-height-tab-portrait=\"15\" data-height-mobile-landscape=\"15\" style=\"clear:both;display:block;\"><\/div>[\/vc_column][\/vc_row][vc_row full_width=\u00bbstretch_row\u00bb bg_type=\u00bbimage\u00bb parallax_style=\u00bbvcpb-default\u00bb bg_image_new=\u00bbid^130|url^https:\/\/posadamariposaboutiquehotel.com\/wp-content\/uploads\/2022\/12\/posada-mariposa-bg-1920&#215;800-1.jpg|caption^null|alt^null|title^posada-mariposa-bg-1920&#215;800|description^null\u00bb bg_image_repeat=\u00bbno-repeat\u00bb bg_img_attach=\u00bbfixed\u00bb][vc_column el_class=\u00bbrs_col-sm-12&#8243; offset=\u00bbvc_hidden-md vc_hidden-sm vc_hidden-xs\u00bb]<div class=\"ult-spacer spacer-69e3a25cc8895\" data-id=\"69e3a25cc8895\" data-height=\"80\" data-height-mobile=\"20\" data-height-tab=\"20\" data-height-tab-portrait=\"20\" data-height-mobile-landscape=\"20\" style=\"clear:both;display:block;\"><\/div>[vc_column_text]<\/p>\n<h5 style=\"text-align: center; font-size: 40px; color: #ffffff; text-shadow: 2px 2px 4px #000000; font-family: Prata;\">Posici\u00f3n c\u00e9ntrica, ambiente acogedor, personal atento.<\/h5>\n<p>[\/vc_column_text]<div class=\" ubtn-ctn-center \"><a class=\"ubtn-link ult-adjust-bottom-margin ubtn-center ubtn-custom \" href=\"https:\/\/hotels.cloudbeds.com\/reservation\/YXfEcg\" title=\"BOOK NOW\" target=\"_blank\" rel=\"noopener\" ><button type=\"button\" id=\"ubtn-6494\"  class=\"ubtn ult-adjust-bottom-margin ult-responsive ubtn-custom ubtn-no-hover-bg  none  ubtn-center   tooltip-69e3a25cc88cc\"  data-hover=\"#ffffff\" data-border-color=\"\" data-bg=\"#cbb346\" data-hover-bg=\"#cbb346\" data-border-hover=\"\" data-shadow-hover=\"\" data-shadow-click=\"none\" data-shadow=\"\" data-shd-shadow=\"\"  data-ultimate-target='#ubtn-6494'  data-responsive-json-new='{\"font-size\":\"desktop:17px;\",\"line-height\":\"\"}'  style=\"font-weight:normal;width:150px;min-height:50px;padding:px px;border-radius:30px;border-width:0px;border-color:;border-style:solid;background: #cbb346;color: #ffffff;\"><span class=\"ubtn-hover\" style=\"background-color:#cbb346\"><\/span><span class=\"ubtn-data ubtn-text \" >RESERVAR<\/span><\/button><\/a><\/div><div class=\"ult-spacer spacer-69e3a25cc8976\" data-id=\"69e3a25cc8976\" data-height=\"80\" data-height-mobile=\"20\" data-height-tab=\"20\" data-height-tab-portrait=\"20\" data-height-mobile-landscape=\"20\" style=\"clear:both;display:block;\"><\/div>[\/vc_column][\/vc_row][vc_row full_width=\u00bbstretch_row\u00bb css=\u00bb.vc_custom_1673367586627{background-image: url(https:\/\/posadamariposaboutiquehotel.com\/wp-content\/uploads\/2023\/01\/breakfast-posada-mariposa-650&#215;500-1.jpg?id=200) !important;background-position: center !important;background-repeat: no-repeat !important;background-size: cover !important;}\u00bb][vc_column el_class=\u00bbrs_col-sm-12&#8243; offset=\u00bbvc_hidden-lg\u00bb]<div class=\"ult-spacer spacer-69e3a25cc89a2\" data-id=\"69e3a25cc89a2\" data-height=\"50\" data-height-mobile=\"40\" data-height-tab=\"40\" data-height-tab-portrait=\"40\" data-height-mobile-landscape=\"40\" style=\"clear:both;display:block;\"><\/div>[vc_column_text]<\/p>\n<h5 style=\"text-align: center; font-size: 30px; color: #ffffff; text-shadow: 2px 2px 4px #000000; font-family: Prata;\">Posici\u00f3n c\u00e9ntrica, ambiente acogedor, personal atento.<\/h5>\n<p>[\/vc_column_text]<div class=\" ubtn-ctn-center \"><a class=\"ubtn-link ult-adjust-bottom-margin ubtn-center ubtn-custom \" href=\"https:\/\/hotels.cloudbeds.com\/reservation\/YXfEcg\" title=\"BOOK NOW\" target=\"_blank\" rel=\"noopener\" ><button type=\"button\" id=\"ubtn-6260\"  class=\"ubtn ult-adjust-bottom-margin ult-responsive ubtn-custom ubtn-no-hover-bg  none  ubtn-center   tooltip-69e3a25cc89d6\"  data-hover=\"#ffffff\" data-border-color=\"\" data-bg=\"#cbb346\" data-hover-bg=\"#cbb346\" data-border-hover=\"\" data-shadow-hover=\"\" data-shadow-click=\"none\" data-shadow=\"\" data-shd-shadow=\"\"  data-ultimate-target='#ubtn-6260'  data-responsive-json-new='{\"font-size\":\"desktop:17px;\",\"line-height\":\"\"}'  style=\"font-weight:normal;width:150px;min-height:50px;padding:px px;border-radius:30px;border-width:0px;border-color:;border-style:solid;background: #cbb346;color: #ffffff;\"><span class=\"ubtn-hover\" style=\"background-color:#cbb346\"><\/span><span class=\"ubtn-data ubtn-text \" >RESERVAR<\/span><\/button><\/a><\/div><div class=\"ult-spacer spacer-69e3a25cc8a36\" data-id=\"69e3a25cc8a36\" data-height=\"30\" data-height-mobile=\"20\" data-height-tab=\"20\" data-height-tab-portrait=\"20\" data-height-mobile-landscape=\"20\" style=\"clear:both;display:block;\"><\/div>[\/vc_column][\/vc_row]<\/p>\n<\/div>","protected":false},"excerpt":{"rendered":"<p>[vc_row full_width=\u00bbstretch_row_content_no_spaces\u00bb bg_type=\u00bbbg_color\u00bb enable_overlay=\u00bbenable_overlay_value\u00bb overlay_color=\u00bbrgba(255,255,255,0.46)\u00bb bg_color_value=\u00bb#e8e5de\u00bb][vc_column][vc_single_image image=\u00bb198&#8243; img_size=\u00bb1920&#215;740&#8243; alignment=\u00bbcenter\u00bb][\/vc_column][\/vc_row][vc_row full_width=\u00bbstretch_row\u00bb gap=\u00bb30&#8243; bg_type=\u00bbbg_color\u00bb enable_overlay=\u00bbenable_overlay_value\u00bb overlay_color=\u00bbrgba(255,255,255,0.46)\u00bb bg_color_value=\u00bb#e8e5de\u00bb][vc_column width=\u00bb1\/2&#8243; offset=\u00bbvc_hidden-md vc_hidden-sm vc_hidden-xs\u00bb][vc_single_image image=\u00bb200&#8243; img_size=\u00bb650&#215;500&#8243; alignment=\u00bbcenter\u00bb][\/vc_column][vc_column width=\u00bb1\/2&#8243; offset=\u00bbvc_hidden-md vc_hidden-sm vc_hidden-xs\u00bb][vc_custom_heading text=\u00bbDESAYUNO EN PLAYA DEL CARMEN\u00bb font_container=\u00bbtag:h1|font_size:18|text_align:left|color:%234c4b4b\u00bb google_fonts=\u00bbfont_family:Open%20Sans%3A300%2C300italic%2Cregular%2Citalic%2C600%2C600italic%2C700%2C700italic%2C800%2C800italic|font_style:400%20regular%3A400%3Anormal\u00bb][vc_custom_heading text=\u00bbDesayuno continental incluido en Posada Mariposa\u00bb font_container=\u00bbtag:h2|font_size:35|text_align:left|color:%234c4b4b\u00bb google_fonts=\u00bbfont_family:Prata%3Aregular|font_style:400%20regular%3A400%3Anormal\u00bb][vc_column_text] En Posada Mariposa Boutique Hotel ofrecemos un delicioso desayuno todos los d\u00edas en nuestro [&hellip;]<\/p>\n","protected":false},"author":1,"featured_media":0,"parent":0,"menu_order":0,"comment_status":"closed","ping_status":"closed","template":"","meta":{"_joinchat":[],"footnotes":""},"class_list":["post-356","page","type-page","status-publish","hentry"],"yoast_head":"<!-- This site is optimized with the Yoast SEO plugin v23.1 - https:\/\/yoast.com\/wordpress\/plugins\/seo\/ -->\n<title>Desayuno + Habitaci\u00f3n Incluido en tu Tarifa | Posada Mariposa<\/title>\n<meta name=\"description\" content=\"En Posada Mariposa Hotel el desayuno est\u00e1 incluido en tu tarifa de habitaci\u00f3n. Disfruta tu estancia con la opci\u00f3n desayuno+habitaci\u00f3n.\" \/>\n<meta name=\"robots\" content=\"index, follow, max-snippet:-1, max-image-preview:large, max-video-preview:-1\" \/>\n<link rel=\"canonical\" href=\"https:\/\/posadamariposaboutiquehotel.com\/es\/desayuno\/\" \/>\n<meta property=\"og:locale\" content=\"es_ES\" \/>\n<meta property=\"og:type\" content=\"article\" \/>\n<meta property=\"og:title\" content=\"Desayuno + Habitaci\u00f3n Incluido en tu Tarifa | Posada Mariposa\" \/>\n<meta property=\"og:description\" content=\"En Posada Mariposa Hotel el desayuno est\u00e1 incluido en tu tarifa de habitaci\u00f3n. Disfruta tu estancia con la opci\u00f3n desayuno+habitaci\u00f3n.\" \/>\n<meta property=\"og:url\" content=\"https:\/\/posadamariposaboutiquehotel.com\/es\/desayuno\/\" \/>\n<meta property=\"og:site_name\" content=\"Posada Mariposa\" \/>\n<meta property=\"article:publisher\" content=\"https:\/\/www.facebook.com\/posadamariposahotelboutique\" \/>\n<meta property=\"article:modified_time\" content=\"2023-04-05T16:56:33+00:00\" \/>\n<meta property=\"og:image\" content=\"https:\/\/posadamariposaboutiquehotel.com\/wp-content\/uploads\/2023\/01\/ABOUT-US-POSADA-MARIPOSA-1920X740.jpg\" \/>\n\t<meta property=\"og:image:width\" content=\"1920\" \/>\n\t<meta property=\"og:image:height\" content=\"740\" \/>\n\t<meta property=\"og:image:type\" content=\"image\/jpeg\" \/>\n<meta name=\"twitter:card\" content=\"summary_large_image\" \/>\n<meta name=\"twitter:label1\" content=\"Tiempo de lectura\" \/>\n\t<meta name=\"twitter:data1\" content=\"2 minutos\" \/>\n<script type=\"application\/ld+json\" class=\"yoast-schema-graph\">{\"@context\":\"https:\/\/schema.org\",\"@graph\":[{\"@type\":\"WebPage\",\"@id\":\"https:\/\/posadamariposaboutiquehotel.com\/es\/desayuno\/\",\"url\":\"https:\/\/posadamariposaboutiquehotel.com\/es\/desayuno\/\",\"name\":\"Desayuno + Habitaci\u00f3n Incluido en tu Tarifa | Posada Mariposa\",\"isPartOf\":{\"@id\":\"https:\/\/posadamariposaboutiquehotel.com\/#website\"},\"datePublished\":\"2023-01-10T15:21:12+00:00\",\"dateModified\":\"2023-04-05T16:56:33+00:00\",\"description\":\"En Posada Mariposa Hotel el desayuno est\u00e1 incluido en tu tarifa de habitaci\u00f3n. Disfruta tu estancia con la opci\u00f3n desayuno+habitaci\u00f3n.\",\"breadcrumb\":{\"@id\":\"https:\/\/posadamariposaboutiquehotel.com\/es\/desayuno\/#breadcrumb\"},\"inLanguage\":\"es\",\"potentialAction\":[{\"@type\":\"ReadAction\",\"target\":[\"https:\/\/posadamariposaboutiquehotel.com\/es\/desayuno\/\"]}]},{\"@type\":\"BreadcrumbList\",\"@id\":\"https:\/\/posadamariposaboutiquehotel.com\/es\/desayuno\/#breadcrumb\",\"itemListElement\":[{\"@type\":\"ListItem\",\"position\":1,\"name\":\"Home\",\"item\":\"https:\/\/posadamariposaboutiquehotel.com\/es\/\"},{\"@type\":\"ListItem\",\"position\":2,\"name\":\"Desayuno\"}]},{\"@type\":\"WebSite\",\"@id\":\"https:\/\/posadamariposaboutiquehotel.com\/#website\",\"url\":\"https:\/\/posadamariposaboutiquehotel.com\/\",\"name\":\"Posada Mariposa Boutique Hotel\",\"description\":\"Boutique Hotel Playa del Carmen\",\"publisher\":{\"@id\":\"https:\/\/posadamariposaboutiquehotel.com\/#organization\"},\"alternateName\":\"Posada Mariposa\",\"potentialAction\":[{\"@type\":\"SearchAction\",\"target\":{\"@type\":\"EntryPoint\",\"urlTemplate\":\"https:\/\/posadamariposaboutiquehotel.com\/?s={search_term_string}\"},\"query-input\":\"required name=search_term_string\"}],\"inLanguage\":\"es\"},{\"@type\":\"Organization\",\"@id\":\"https:\/\/posadamariposaboutiquehotel.com\/#organization\",\"name\":\"Posada Mariposa Boutique Hotel\",\"url\":\"https:\/\/posadamariposaboutiquehotel.com\/\",\"logo\":{\"@type\":\"ImageObject\",\"inLanguage\":\"es\",\"@id\":\"https:\/\/posadamariposaboutiquehotel.com\/#\/schema\/logo\/image\/\",\"url\":\"https:\/\/posadamariposaboutiquehotel.com\/wp-content\/uploads\/2023\/01\/LOGO-POSADA-MARIPOSA-300X300.png\",\"contentUrl\":\"https:\/\/posadamariposaboutiquehotel.com\/wp-content\/uploads\/2023\/01\/LOGO-POSADA-MARIPOSA-300X300.png\",\"width\":300,\"height\":300,\"caption\":\"Posada Mariposa Boutique Hotel\"},\"image\":{\"@id\":\"https:\/\/posadamariposaboutiquehotel.com\/#\/schema\/logo\/image\/\"},\"sameAs\":[\"https:\/\/www.facebook.com\/posadamariposahotelboutique\",\"https:\/\/www.instagram.com\/posada.mariposa\/\"]}]}<\/script>\n<!-- \/ Yoast SEO plugin. -->","yoast_head_json":{"title":"Desayuno + Habitaci\u00f3n Incluido en tu Tarifa | Posada Mariposa","description":"En Posada Mariposa Hotel el desayuno est\u00e1 incluido en tu tarifa de habitaci\u00f3n. Disfruta tu estancia con la opci\u00f3n desayuno+habitaci\u00f3n.","robots":{"index":"index","follow":"follow","max-snippet":"max-snippet:-1","max-image-preview":"max-image-preview:large","max-video-preview":"max-video-preview:-1"},"canonical":"https:\/\/posadamariposaboutiquehotel.com\/es\/desayuno\/","og_locale":"es_ES","og_type":"article","og_title":"Desayuno + Habitaci\u00f3n Incluido en tu Tarifa | Posada Mariposa","og_description":"En Posada Mariposa Hotel el desayuno est\u00e1 incluido en tu tarifa de habitaci\u00f3n. Disfruta tu estancia con la opci\u00f3n desayuno+habitaci\u00f3n.","og_url":"https:\/\/posadamariposaboutiquehotel.com\/es\/desayuno\/","og_site_name":"Posada Mariposa","article_publisher":"https:\/\/www.facebook.com\/posadamariposahotelboutique","article_modified_time":"2023-04-05T16:56:33+00:00","og_image":[{"width":1920,"height":740,"url":"https:\/\/posadamariposaboutiquehotel.com\/wp-content\/uploads\/2023\/01\/ABOUT-US-POSADA-MARIPOSA-1920X740.jpg","type":"image\/jpeg"}],"twitter_card":"summary_large_image","twitter_misc":{"Tiempo de lectura":"2 minutos"},"schema":{"@context":"https:\/\/schema.org","@graph":[{"@type":"WebPage","@id":"https:\/\/posadamariposaboutiquehotel.com\/es\/desayuno\/","url":"https:\/\/posadamariposaboutiquehotel.com\/es\/desayuno\/","name":"Desayuno + Habitaci\u00f3n Incluido en tu Tarifa | Posada Mariposa","isPartOf":{"@id":"https:\/\/posadamariposaboutiquehotel.com\/#website"},"datePublished":"2023-01-10T15:21:12+00:00","dateModified":"2023-04-05T16:56:33+00:00","description":"En Posada Mariposa Hotel el desayuno est\u00e1 incluido en tu tarifa de habitaci\u00f3n. Disfruta tu estancia con la opci\u00f3n desayuno+habitaci\u00f3n.","breadcrumb":{"@id":"https:\/\/posadamariposaboutiquehotel.com\/es\/desayuno\/#breadcrumb"},"inLanguage":"es","potentialAction":[{"@type":"ReadAction","target":["https:\/\/posadamariposaboutiquehotel.com\/es\/desayuno\/"]}]},{"@type":"BreadcrumbList","@id":"https:\/\/posadamariposaboutiquehotel.com\/es\/desayuno\/#breadcrumb","itemListElement":[{"@type":"ListItem","position":1,"name":"Home","item":"https:\/\/posadamariposaboutiquehotel.com\/es\/"},{"@type":"ListItem","position":2,"name":"Desayuno"}]},{"@type":"WebSite","@id":"https:\/\/posadamariposaboutiquehotel.com\/#website","url":"https:\/\/posadamariposaboutiquehotel.com\/","name":"Posada Mariposa Boutique Hotel","description":"Boutique Hotel Playa del Carmen","publisher":{"@id":"https:\/\/posadamariposaboutiquehotel.com\/#organization"},"alternateName":"Posada Mariposa","potentialAction":[{"@type":"SearchAction","target":{"@type":"EntryPoint","urlTemplate":"https:\/\/posadamariposaboutiquehotel.com\/?s={search_term_string}"},"query-input":"required name=search_term_string"}],"inLanguage":"es"},{"@type":"Organization","@id":"https:\/\/posadamariposaboutiquehotel.com\/#organization","name":"Posada Mariposa Boutique Hotel","url":"https:\/\/posadamariposaboutiquehotel.com\/","logo":{"@type":"ImageObject","inLanguage":"es","@id":"https:\/\/posadamariposaboutiquehotel.com\/#\/schema\/logo\/image\/","url":"https:\/\/posadamariposaboutiquehotel.com\/wp-content\/uploads\/2023\/01\/LOGO-POSADA-MARIPOSA-300X300.png","contentUrl":"https:\/\/posadamariposaboutiquehotel.com\/wp-content\/uploads\/2023\/01\/LOGO-POSADA-MARIPOSA-300X300.png","width":300,"height":300,"caption":"Posada Mariposa Boutique Hotel"},"image":{"@id":"https:\/\/posadamariposaboutiquehotel.com\/#\/schema\/logo\/image\/"},"sameAs":["https:\/\/www.facebook.com\/posadamariposahotelboutique","https:\/\/www.instagram.com\/posada.mariposa\/"]}]}},"_links":{"self":[{"href":"https:\/\/posadamariposaboutiquehotel.com\/es\/wp-json\/wp\/v2\/pages\/356","targetHints":{"allow":["GET"]}}],"collection":[{"href":"https:\/\/posadamariposaboutiquehotel.com\/es\/wp-json\/wp\/v2\/pages"}],"about":[{"href":"https:\/\/posadamariposaboutiquehotel.com\/es\/wp-json\/wp\/v2\/types\/page"}],"author":[{"embeddable":true,"href":"https:\/\/posadamariposaboutiquehotel.com\/es\/wp-json\/wp\/v2\/users\/1"}],"replies":[{"embeddable":true,"href":"https:\/\/posadamariposaboutiquehotel.com\/es\/wp-json\/wp\/v2\/comments?post=356"}],"version-history":[{"count":5,"href":"https:\/\/posadamariposaboutiquehotel.com\/es\/wp-json\/wp\/v2\/pages\/356\/revisions"}],"predecessor-version":[{"id":358,"href":"https:\/\/posadamariposaboutiquehotel.com\/es\/wp-json\/wp\/v2\/pages\/356\/revisions\/358"}],"wp:attachment":[{"href":"https:\/\/posadamariposaboutiquehotel.com\/es\/wp-json\/wp\/v2\/media?parent=356"}],"curies":[{"name":"wp","href":"https:\/\/api.w.org\/{rel}","templated":true}]}}